{"id":9,"date":"2015-11-14T10:59:24","date_gmt":"2015-11-14T10:59:24","guid":{"rendered":"https:\/\/frankbunz.com\/?page_id=9"},"modified":"2025-06-13T12:46:58","modified_gmt":"2025-06-13T10:46:58","slug":"about-me","status":"publish","type":"page","link":"https:\/\/frankbunz.com\/index.php\/about-me\/","title":{"rendered":"about"},"content":{"rendered":"<p><div class=\"fusion-fullwidth fullwidth-box fusion-builder-row-1 nonhundred-percent-fullwidth non-hundred-percent-height-scrolling\" style=\"--awb-border-radius-top-left:0px;--awb-border-radius-top-right:0px;--awb-border-radius-bottom-right:0px;--awb-border-radius-bottom-left:0px;\" ><div class=\"fusion-builder-row fusion-row\"><div class=\"fusion-layout-column fusion_builder_column fusion-builder-column-0 fusion_builder_column_1_1 1_1 fusion-one-full fusion-column-first fusion-column-last\" style=\"--awb-bg-size:cover;\"><div class=\"fusion-column-wrapper fusion-column-has-shadow fusion-flex-column-wrapper-legacy\"><div class=\"fusion-text fusion-text-1 fusion-text-no-margin\" style=\"--awb-margin-bottom:50px;\"><h2 style=\"text-align: left;\"><span style=\"color: #333333;\">Fotografie mit Leidenschaft und dem Blick f\u00fcrs Detail<\/span><\/h2>\n<\/div><div class=\"fusion-clearfix\"><\/div><\/div><\/div><div class=\"fusion-layout-column fusion_builder_column fusion-builder-column-1 fusion_builder_column_1_3 1_3 fusion-one-third fusion-column-first\" style=\"--awb-bg-size:cover;width:33.333333333333%;width:calc(33.333333333333% - ( ( 4% ) * 0.33333333333333 ) );margin-right: 4%;\"><div class=\"fusion-column-wrapper fusion-column-has-shadow fusion-flex-column-wrapper-legacy\"><div class=\"fusion-image-element fusion-image-align-center in-legacy-container\" style=\"text-align:center;\"><div class=\"imageframe-align-center\"><span class=\" fusion-imageframe imageframe-none imageframe-1 hover-type-none\"><img decoding=\"async\" width=\"300\" height=\"240\" alt=\"Frank Bunz - Fotodesign\" title=\"me_001\" src=\"https:\/\/frankbunz.com\/wp-content\/uploads\/2022\/11\/me_001-300x240.jpg\" class=\"img-responsive wp-image-2494\" srcset=\"https:\/\/frankbunz.com\/wp-content\/uploads\/2022\/11\/me_001-200x160.jpg 200w, https:\/\/frankbunz.com\/wp-content\/uploads\/2022\/11\/me_001-400x320.jpg 400w, https:\/\/frankbunz.com\/wp-content\/uploads\/2022\/11\/me_001-600x480.jpg 600w, https:\/\/frankbunz.com\/wp-content\/uploads\/2022\/11\/me_001-800x640.jpg 800w, https:\/\/frankbunz.com\/wp-content\/uploads\/2022\/11\/me_001-1200x960.jpg 1200w\" sizes=\"(max-width: 800px) 100vw, 600px\" \/><\/span><\/div><\/div><div class=\"fusion-clearfix\"><\/div><\/div><\/div><div class=\"fusion-layout-column fusion_builder_column fusion-builder-column-2 fusion_builder_column_2_3 2_3 fusion-two-third fusion-column-last\" style=\"--awb-bg-size:cover;width:66.666666666667%;width:calc(66.666666666667% - ( ( 4% ) * 0.66666666666667 ) );\"><div class=\"fusion-column-wrapper fusion-column-has-shadow fusion-flex-column-wrapper-legacy\"><div class=\"fusion-text fusion-text-2\" style=\"--awb-text-font-family:&quot;Montserrat&quot;;--awb-text-font-style:normal;--awb-text-font-weight:500;\"><p>Mit der Fotografie habe ich die M\u00f6glichkeit, die Welt aus meiner Perspektive zu sehen \u2013 Licht, Farben und Komposition gezielt einzusetzen, um Emotionen einzufangen und Geschichten zu erz\u00e4hlen.<\/p>\n<p>Was einst mit einem Fotoblog begann, hat sich zu meinem ganz eigenen Stil entwickelt. In meinem Studio entstehen Stilllife- und Food-Fotografien, die durch klare Bildsprache, Lichtf\u00fchrung und liebevolle Details \u00fcberzeugen. Meine Bilder zeigen mehr als nur Produkte oder Gerichte \u2013 sie erz\u00e4hlen Geschichten und schaffen Verbindungen.<\/p>\n<\/div><div class=\"fusion-clearfix\"><\/div><\/div><\/div><div class=\"fusion-layout-column fusion_builder_column fusion-builder-column-3 fusion_builder_column_1_1 1_1 fusion-one-full fusion-column-first fusion-column-last\" style=\"--awb-bg-size:cover;\"><div class=\"fusion-column-wrapper fusion-column-has-shadow fusion-flex-column-wrapper-legacy\"><div class=\"fusion-text fusion-text-3\"><p>Neben der Studioarbeit schl\u00e4gt mein Herz f\u00fcr Motorr\u00e4der. Als leidenschaftlicher Biker fange ich in der Motorradfotografie Maschinen ein, die Charakter und Pers\u00f6nlichkeit ausstrahlen. Jedes Foto soll die Freiheit und Energie widerspiegeln, die ich selbst auf zwei R\u00e4dern erlebe.<\/p>\n<p>Hauptberuflich bin ich in der IT-Beratung &amp; Entwicklung t\u00e4tig. Mein technisches Know-how, strukturiertes Denken und mein Blick f\u00fcr effiziente L\u00f6sungen erg\u00e4nzen meine kreative Arbeit perfekt. Diese Kombination aus Technik und Kreativit\u00e4t macht meine Fotoprojekte einzigartig und durchdacht.<\/p>\n<p>Ich freue mich darauf, auch deine Geschichte mit Bildern zu erz\u00e4hlen.<\/p>\n<\/div><div class=\"fusion-clearfix\"><\/div><\/div><\/div><\/div><\/div><div class=\"fusion-fullwidth fullwidth-box fusion-builder-row-2 has-pattern-background has-mask-background nonhundred-percent-fullwidth non-hundred-percent-height-scrolling\" style=\"--awb-background-position:left top;--awb-border-sizes-top:0px;--awb-border-sizes-bottom:0px;--awb-border-sizes-left:0px;--awb-border-sizes-right:0px;--awb-border-radius-top-left:0px;--awb-border-radius-top-right:0px;--awb-border-radius-bottom-right:0px;--awb-border-radius-bottom-left:0px;--awb-background-color:var(--awb-custom12);\" ><div class=\"fusion-builder-row fusion-row\"><div class=\"fusion-layout-column fusion_builder_column fusion-builder-column-4 fusion_builder_column_1_1 1_1 fusion-one-full fusion-column-first fusion-column-last fusion-column-no-min-height\" style=\"--awb-bg-size:cover;\"><div class=\"fusion-column-wrapper fusion-column-has-shadow fusion-flex-column-wrapper-legacy\"><div class=\"fusion-column-content-centered\"><div class=\"fusion-column-content\"><div class=\"fusion-image-element fusion-image-align-center in-legacy-container\" style=\"text-align:center;--awb-margin-top:60px;\"><div class=\"imageframe-align-center\"><span class=\" fusion-imageframe imageframe-none imageframe-2 hover-type-none\" style=\"border-radius:4px;\"><img decoding=\"async\" width=\"1024\" height=\"517\" title=\"Frank_Bunz_Fotodesign_Momente_01\" src=\"https:\/\/frankbunz.com\/wp-content\/uploads\/2022\/07\/Frank_Bunz_Fotodesign_Momente_01-e1658224524914-1024x517.jpg\" alt class=\"img-responsive wp-image-2468\" srcset=\"https:\/\/frankbunz.com\/wp-content\/uploads\/2022\/07\/Frank_Bunz_Fotodesign_Momente_01-e1658224524914-200x101.jpg 200w, https:\/\/frankbunz.com\/wp-content\/uploads\/2022\/07\/Frank_Bunz_Fotodesign_Momente_01-e1658224524914-400x202.jpg 400w, https:\/\/frankbunz.com\/wp-content\/uploads\/2022\/07\/Frank_Bunz_Fotodesign_Momente_01-e1658224524914-600x303.jpg 600w, https:\/\/frankbunz.com\/wp-content\/uploads\/2022\/07\/Frank_Bunz_Fotodesign_Momente_01-e1658224524914-800x404.jpg 800w, https:\/\/frankbunz.com\/wp-content\/uploads\/2022\/07\/Frank_Bunz_Fotodesign_Momente_01-e1658224524914.jpg 1080w\" sizes=\"(max-width: 800px) 100vw, 1024px\" \/><\/span><\/div><\/div><\/div><\/div><div class=\"fusion-clearfix\"><\/div><\/div><\/div><\/div><\/div><div class=\"fusion-fullwidth fullwidth-box fusion-builder-row-3 fusion-flex-container has-pattern-background has-mask-background nonhundred-percent-fullwidth non-hundred-percent-height-scrolling\" style=\"--awb-border-radius-top-left:0px;--awb-border-radius-top-right:0px;--awb-border-radius-bottom-right:0px;--awb-border-radius-bottom-left:0px;\" ><div class=\"fusion-builder-row fusion-row fusion-flex-align-items-flex-start\" style=\"max-width:1872px;margin-left: calc(-4% \/ 2 );margin-right: calc(-4% \/ 2 );\"><div class=\"fusion-layout-column fusion_builder_column fusion-builder-column-5 fusion_builder_column_1_1 1_1 fusion-flex-column\" style=\"--awb-bg-size:cover;--awb-width-large:100%;--awb-margin-top-large:20px;--awb-spacing-right-large:1.92%;--awb-spacing-left-large:1.92%;--awb-width-medium:100%;--awb-order-medium:0;--awb-spacing-right-medium:1.92%;--awb-spacing-left-medium:1.92%;--awb-width-small:100%;--awb-order-small:0;--awb-spacing-right-small:1.92%;--awb-spacing-left-small:1.92%;\"><div class=\"fusion-column-wrapper fusion-column-has-shadow fusion-flex-justify-content-flex-start fusion-content-layout-block\"><div class=\"fusion-content-boxes content-boxes columns row fusion-columns-1 fusion-columns-total-4 fusion-content-boxes-1 content-boxes-icon-with-title content-left\" style=\"--awb-title-color:var(--awb-custom17);--awb-margin-top:20px;--awb-hover-accent-color:#777777;--awb-circle-hover-accent-color:#777777;--awb-item-margin-bottom:40px;\" data-animationOffset=\"top-into-view\"><div style=\"--awb-backgroundcolor:rgba(255,255,255,0);\" class=\"fusion-column content-box-column content-box-column content-box-column-1 col-lg-12 col-md-12 col-sm-12 fusion-content-box-hover content-box-column-last-in-row\"><div class=\"col content-box-wrapper content-wrapper link-area-link-icon icon-hover-animation-fade\" data-animationOffset=\"top-into-view\"><div class=\"heading icon-left\"><h2 class=\"content-box-heading fusion-responsive-typography-calculated\" style=\"--h2_typography-font-size:18px;--fontSize:18;line-height:1.22;\">INSIDE \u2013 Perfekte Inszenierung im Studio oder Innenraum<\/h2><\/div><div class=\"fusion-clearfix\"><\/div><div class=\"content-container\">\n<p>Ob Still-Life, Food, Portr\u00e4t oder Werbefotografie \u2013 im kontrollierten Umfeld eines Studios oder einer Location entstehen Bilder mit h\u00f6chster Pr\u00e4zision. Durch gezieltes Licht- und Set-Design bringe ich jedes Motiv optimal zur Geltung.<\/p>\n<\/div><\/div><\/div><div style=\"--awb-backgroundcolor:rgba(255,255,255,0);\" class=\"fusion-column content-box-column content-box-column content-box-column-2 col-lg-12 col-md-12 col-sm-12 fusion-content-box-hover content-box-column-last-in-row\"><div class=\"col content-box-wrapper content-wrapper link-area-link-icon icon-hover-animation-fade\" data-animationOffset=\"top-into-view\"><div class=\"heading icon-left\"><h2 class=\"content-box-heading fusion-responsive-typography-calculated\" style=\"--h2_typography-font-size:18px;--fontSize:18;line-height:1.22;\">OUTSIDE \u2013 Fotografie in nat\u00fcrlicher Umgebung<\/h2><\/div><div class=\"fusion-clearfix\"><\/div><div class=\"content-container\">\n<p>Outdoor-Shootings bieten eine authentische Atmosph\u00e4re, einzigartiges Licht und eine lebendige Szenerie. Egal ob Lifestyle-Fotografie, Architektur oder Eventfotografie \u2013 drau\u00dfen entstehen echte, emotionale Bilder.<\/p>\n<\/div><\/div><\/div><div style=\"--awb-backgroundcolor:rgba(255,255,255,0);\" class=\"fusion-column content-box-column content-box-column content-box-column-3 col-lg-12 col-md-12 col-sm-12 fusion-content-box-hover content-box-column-last-in-row\"><div class=\"col content-box-wrapper content-wrapper link-area-link-icon icon-hover-animation-fade\" data-animationOffset=\"top-into-view\"><div class=\"heading icon-left\"><h2 class=\"content-box-heading fusion-responsive-typography-calculated\" style=\"--h2_typography-font-size:18px;--fontSize:18;line-height:1.22;\">TRAVEL \u2013 Die Welt durch meine Linse<\/h2><\/div><div class=\"fusion-clearfix\"><\/div><div class=\"content-container\">\n<p>Reisen bedeutet neue Perspektiven, Kulturen und Stimmungen einzufangen. Landschaftsfotografie, St\u00e4dtebilder oder stimmungsvolle Reise-Reportagen \u2013 ich halte besondere Orte in beeindruckenden Bildern fest.<\/p>\n<\/div><\/div><\/div><div style=\"--awb-backgroundcolor:rgba(255,255,255,0);\" class=\"fusion-column content-box-column content-box-column content-box-column-4 col-lg-12 col-md-12 col-sm-12 fusion-content-box-hover content-box-column-last content-box-column-last-in-row\"><div class=\"col content-box-wrapper content-wrapper link-area-link-icon icon-hover-animation-fade\" data-animationOffset=\"top-into-view\"><div class=\"heading icon-left\"><h2 class=\"content-box-heading fusion-responsive-typography-calculated\" style=\"--h2_typography-font-size:18px;--fontSize:18;line-height:1.22;\">BIKES &amp; MORE \u2013 Leidenschaft auf zwei R\u00e4dern &amp; mehr<\/h2><\/div><div class=\"fusion-clearfix\"><\/div><div class=\"content-container\">\n<p>Als begeisterter Motorradfahrer wei\u00df ich, worauf es bei der perfekten Inszenierung eines Bikes ankommt. Ob im Studio oder On-Location \u2013 hier entstehen Bilder, die die Dynamik und \u00c4sthetik jedes Fahrzeugs betonen.<\/p>\n<\/div><\/div><\/div><div class=\"fusion-clearfix\"><\/div><\/div><div class=\"fusion-builder-row fusion-builder-row-inner fusion-row fusion-flex-align-items-flex-start\" style=\"width:104% !important;max-width:104% !important;margin-left: calc(-4% \/ 2 );margin-right: calc(-4% \/ 2 );\"><div class=\"fusion-layout-column fusion_builder_column_inner fusion-builder-nested-column-0 fusion_builder_column_inner_1_1 1_1 fusion-flex-column\" style=\"--awb-padding-top:20px;--awb-padding-right:20px;--awb-padding-bottom:20px;--awb-padding-left:20px;--awb-overflow:hidden;--awb-bg-color:var(--awb-custom10);--awb-bg-size:cover;--awb-border-color:var(--awb-custom12);--awb-border-top:1px;--awb-border-right:1px;--awb-border-bottom:1px;--awb-border-left:1px;--awb-border-style:solid;--awb-border-radius:3px 3px 3px 3px;--awb-width-large:100%;--awb-spacing-right-large:1.92%;--awb-spacing-left-large:1.92%;--awb-width-medium:100%;--awb-order-medium:0;--awb-spacing-right-medium:1.92%;--awb-spacing-left-medium:1.92%;--awb-width-small:100%;--awb-order-small:0;--awb-spacing-right-small:1.92%;--awb-spacing-left-small:1.92%;\"><div class=\"fusion-column-wrapper fusion-column-has-shadow fusion-flex-justify-content-flex-start fusion-content-layout-column\"><div class=\"fusion-text fusion-text-4\" style=\"--awb-text-font-family:&quot;Montserrat&quot;;--awb-text-font-style:normal;--awb-text-font-weight:500;\"><p><span style=\"color: #333333;\"><strong>Lass uns gemeinsam dein perfektes Shooting umsetzen!<\/strong> Egal, ob es um ausdrucksstarke Portr\u00e4ts, hochwertige Produktaufnahmen, emotionale Reisefotografie oder dynamische Motorrad-Shootings geht \u2013 ich bringe deine Ideen zum Leben. <strong>Schreib mir eine Nachricht, erz\u00e4hl mir von deinem Projekt und lass uns deine Vision in beeindruckenden Bildern festhalten!<\/strong><\/span><\/p>\n<\/div><div style=\"text-align:center;\"><a class=\"fusion-button button-3d button-medium button-darkgray fusion-button-darkgray button-1 fusion-button-span-no \" style=\"--button_typography-font-family:&quot;Montserrat&quot;;--button_typography-font-style:normal;--button_typography-font-weight:500;--button_margin-top:20px;--button_margin-bottom:10px;\" target=\"_self\" data-hover=\"underline\" href=\"https:\/\/frankbunz.com\/index.php\/hire-me\/\"><i class=\"fa-paper-plane fas button-icon-left\" aria-hidden=\"true\"><\/i><span class=\"fusion-button-text\">Los geht&#8217;s!<\/span><\/a><\/div><\/div><\/div><\/div><\/div><\/div><\/div><\/div><div class=\"fusion-fullwidth fullwidth-box fusion-builder-row-4 has-pattern-background has-mask-background nonhundred-percent-fullwidth non-hundred-percent-height-scrolling fusion-equal-height-columns\" style=\"--awb-border-radius-top-left:0px;--awb-border-radius-top-right:0px;--awb-border-radius-bottom-right:0px;--awb-border-radius-bottom-left:0px;--awb-background-color:var(--awb-custom12);\" ><div class=\"fusion-builder-row fusion-row\"><div class=\"fusion-layout-column fusion_builder_column fusion-builder-column-6 fusion_builder_column_1_1 1_1 fusion-one-full fusion-column-first fusion-column-last\" style=\"--awb-bg-size:cover;\"><div class=\"fusion-column-wrapper fusion-column-has-shadow fusion-flex-column-wrapper-legacy\"><div class=\"fusion-column-content-centered\"><div class=\"fusion-column-content\"><div class=\"fusion-image-element fusion-image-align-center in-legacy-container\" style=\"text-align:center;--awb-liftup-border-radius:0px;--awb-margin-top:100px;--awb-margin-bottom:20px;\"><div class=\"imageframe-align-center\"><div class=\"awb-image-frame awb-image-frame-3 imageframe-liftup\"><span class=\" fusion-imageframe imageframe-none imageframe-3\"><img decoding=\"async\" width=\"1024\" height=\"355\" alt=\"Frank Bunz | Fotodesign\" title=\"Frank_Bunz_Fotodesign_WiP-2\" src=\"https:\/\/frankbunz.com\/wp-content\/uploads\/2021\/11\/Frank_Bunz_Fotodesign_WiP-2-1024x355.jpg\" class=\"img-responsive wp-image-2340\" srcset=\"https:\/\/frankbunz.com\/wp-content\/uploads\/2021\/11\/Frank_Bunz_Fotodesign_WiP-2-200x69.jpg 200w, https:\/\/frankbunz.com\/wp-content\/uploads\/2021\/11\/Frank_Bunz_Fotodesign_WiP-2-400x139.jpg 400w, https:\/\/frankbunz.com\/wp-content\/uploads\/2021\/11\/Frank_Bunz_Fotodesign_WiP-2-600x208.jpg 600w, https:\/\/frankbunz.com\/wp-content\/uploads\/2021\/11\/Frank_Bunz_Fotodesign_WiP-2-800x277.jpg 800w, https:\/\/frankbunz.com\/wp-content\/uploads\/2021\/11\/Frank_Bunz_Fotodesign_WiP-2.jpg 1080w\" sizes=\"(max-width: 800px) 100vw, 1024px\" \/><\/span><\/div><\/div><\/div><\/div><\/div><div class=\"fusion-clearfix\"><\/div><\/div><\/div><\/div><\/div><\/p>\n","protected":false},"excerpt":{"rendered":"","protected":false},"author":1,"featured_media":0,"parent":0,"menu_order":0,"comment_status":"closed","ping_status":"closed","template":"100-width.php","meta":{"footnotes":""},"class_list":["post-9","page","type-page","status-publish","hentry"],"_links":{"self":[{"href":"https:\/\/frankbunz.com\/index.php\/wp-json\/wp\/v2\/pages\/9","targetHints":{"allow":["GET"]}}],"collection":[{"href":"https:\/\/frankbunz.com\/index.php\/wp-json\/wp\/v2\/pages"}],"about":[{"href":"https:\/\/frankbunz.com\/index.php\/wp-json\/wp\/v2\/types\/page"}],"author":[{"embeddable":true,"href":"https:\/\/frankbunz.com\/index.php\/wp-json\/wp\/v2\/users\/1"}],"replies":[{"embeddable":true,"href":"https:\/\/frankbunz.com\/index.php\/wp-json\/wp\/v2\/comments?post=9"}],"version-history":[{"count":114,"href":"https:\/\/frankbunz.com\/index.php\/wp-json\/wp\/v2\/pages\/9\/revisions"}],"predecessor-version":[{"id":3013,"href":"https:\/\/frankbunz.com\/index.php\/wp-json\/wp\/v2\/pages\/9\/revisions\/3013"}],"wp:attachment":[{"href":"https:\/\/frankbunz.com\/index.php\/wp-json\/wp\/v2\/media?parent=9"}],"curies":[{"name":"wp","href":"https:\/\/api.w.org\/{rel}","templated":true}]}}