{"id":1337,"date":"2015-11-14T11:02:52","date_gmt":"2015-11-14T11:02:52","guid":{"rendered":"https:\/\/frankbunz.com\/?page_id=15"},"modified":"2022-12-27T11:15:56","modified_gmt":"2022-12-27T10:15:56","slug":"blog","status":"publish","type":"page","link":"https:\/\/frankbunz.com\/index.php\/blog\/","title":{"rendered":"blog"},"content":{"rendered":"<p><div class=\"fusion-fullwidth fullwidth-box fusion-builder-row-1 nonhundred-percent-fullwidth non-hundred-percent-height-scrolling\" style=\"--awb-background-position:left top;--awb-border-sizes-top:0px;--awb-border-sizes-bottom:0px;--awb-border-sizes-left:0px;--awb-border-sizes-right:0px;--awb-border-radius-top-left:0px;--awb-border-radius-top-right:0px;--awb-border-radius-bottom-right:0px;--awb-border-radius-bottom-left:0px;--awb-padding-top:50px;--awb-padding-bottom:20px;\" ><div class=\"fusion-builder-row fusion-row\"><div class=\"fusion-layout-column fusion_builder_column fusion-builder-column-0 fusion_builder_column_1_1 1_1 fusion-one-full fusion-column-first fusion-column-last\" style=\"--awb-padding-top:0%;--awb-padding-right:15%;--awb-padding-bottom:0%;--awb-padding-left:15%;--awb-bg-size:cover;\"><div class=\"fusion-column-wrapper fusion-flex-column-wrapper-legacy\"><div class=\"fusion-blog-shortcode fusion-blog-shortcode-1 fusion-blog-archive fusion-blog-layout-large fusion-blog-pagination\"><div class=\"fusion-posts-container fusion-posts-container-pagination fusion-blog-rollover\" data-pages=\"5\"><article id=\"blog-1-post-3032\" class=\"fusion-post-large post-3032 post type-post status-publish format-standard has-post-thumbnail hentry category-fotografie category-studio\">\n\t<style type=\"text\/css\">\n\t\t\n\t\t\n\t\t\n\t\t\n\t\t\t<\/style>\n\n\n\t\t\t<div class=\"fusion-flexslider flexslider fusion-flexslider-loading fusion-post-slideshow\" style=\"\">\n\t\t<ul class=\"slides\">\n\t\t\t\n\t\t\t\t\t\t\t\t\t\t\t\t\t\t<li><div  class=\"fusion-image-wrapper\" aria-haspopup=\"true\">\n\t\t\t\t<img decoding=\"async\" width=\"2000\" height=\"1250\" src=\"https:\/\/frankbunz.com\/wp-content\/uploads\/2026\/02\/Frank_Bunz-Fotodesign-4.jpg\" class=\"attachment-full size-full wp-post-image\" alt=\"\" srcset=\"https:\/\/frankbunz.com\/wp-content\/uploads\/2026\/02\/Frank_Bunz-Fotodesign-4-200x125.jpg 200w, https:\/\/frankbunz.com\/wp-content\/uploads\/2026\/02\/Frank_Bunz-Fotodesign-4-400x250.jpg 400w, https:\/\/frankbunz.com\/wp-content\/uploads\/2026\/02\/Frank_Bunz-Fotodesign-4-600x375.jpg 600w, https:\/\/frankbunz.com\/wp-content\/uploads\/2026\/02\/Frank_Bunz-Fotodesign-4-800x500.jpg 800w, https:\/\/frankbunz.com\/wp-content\/uploads\/2026\/02\/Frank_Bunz-Fotodesign-4-1200x750.jpg 1200w, https:\/\/frankbunz.com\/wp-content\/uploads\/2026\/02\/Frank_Bunz-Fotodesign-4.jpg 2000w\" sizes=\"(max-width: 800px) 100vw, 2000px\" \/><div class=\"fusion-rollover\">\n\t<div class=\"fusion-rollover-content\">\n\n\t\t\t\t\n\t\t\n\t\t\t\t\t\t\t\t\t\t\t\t<h4 class=\"fusion-rollover-title\">\n\t\t\t\t\t<a class=\"fusion-rollover-title-link\" href=\"https:\/\/frankbunz.com\/index.php\/2026\/02\/01\/motorradfotografie-im-studio-wenn-technik-auf-aesthetik-trifft\/\">\n\t\t\t\t\t\tMotorradfotografie im Studio \u2013 wenn Technik auf \u00c4sthetik trifft\t\t\t\t\t<\/a>\n\t\t\t\t<\/h4>\n\t\t\t\n\t\t\t\t\t\t\t\t\n\t\t\n\t\t\t\t\t\t<a class=\"fusion-link-wrapper\" href=\"https:\/\/frankbunz.com\/index.php\/2026\/02\/01\/motorradfotografie-im-studio-wenn-technik-auf-aesthetik-trifft\/\" aria-label=\"Motorradfotografie im Studio \u2013 wenn Technik auf \u00c4sthetik trifft\"><\/a>\n\t<\/div>\n<\/div>\n<\/div>\n<\/li>\n\t\t\t\n\t\t\t\n\t\t\t\t\t\t\t\t\t\t\t\t\t\t\t\t\t\t\t\t\t\t\t\t\t\t\t\t\t\t\t\t\t\t\t\t\t\t\t\t\t\t\t\t\t\t\t\t\t\t\t\t\t\t\t\t\t\t\t\t\t\t\t\t\t\t\t\t<\/ul>\n\t<\/div>\n\t<div class=\"fusion-post-content post-content\"><h2 class=\"blog-shortcode-post-title entry-title\"><a href=\"https:\/\/frankbunz.com\/index.php\/2026\/02\/01\/motorradfotografie-im-studio-wenn-technik-auf-aesthetik-trifft\/\">Motorradfotografie im Studio \u2013 wenn Technik auf \u00c4sthetik trifft<\/a><\/h2><div class=\"fusion-post-content-container\"><p> Motorr\u00e4der sind mehr als Fahrzeuge. Sie sind Designobjekte, Emotionstr\u00e4ger und technische Kunstwerke. Genau das war der Anspruch dieses Shootings: eine Kawasaki im Studio so in Szene zu setzen, dass Linienf\u00fchrung, Materialit\u00e4t und Charakter sichtbar werden \u2013 ohne Ablenkung, ohne Kompromisse.     <a href=\"https:\/\/frankbunz.com\/index.php\/2026\/02\/01\/motorradfotografie-im-studio-wenn-technik-auf-aesthetik-trifft\/\">[...]<\/a><\/p><\/div><\/div><div class=\"fusion-clearfix\"><\/div><div class=\"fusion-meta-info\"><span class=\"vcard\" style=\"display: none;\"><span class=\"fn\"><a href=\"https:\/\/frankbunz.com\/index.php\/author\/fbunz\/\" title=\"Beitr\u00e4ge von fbunz\" rel=\"author\">fbunz<\/a><\/span><\/span><span class=\"updated\" style=\"display:none;\">2026-02-01T09:10:38+01:00<\/span><div class=\"fusion-alignright\"><a class=\"fusion-read-more\" href=\"https:\/\/frankbunz.com\/index.php\/2026\/02\/01\/motorradfotografie-im-studio-wenn-technik-auf-aesthetik-trifft\/\" aria-label=\"More on Motorradfotografie im Studio \u2013 wenn Technik auf \u00c4sthetik trifft\">Weiterlesen<\/a><\/div><\/div><\/article>\n<article id=\"blog-1-post-2855\" class=\"fusion-post-large post-2855 post type-post status-publish format-standard has-post-thumbnail hentry category-fotografie\">\n\t<style type=\"text\/css\">\n\t\t\n\t\t\n\t\t\n\t\t\n\t\t\t<\/style>\n\n\n\t\t\t<div class=\"fusion-flexslider flexslider fusion-flexslider-loading fusion-post-slideshow\" style=\"\">\n\t\t<ul class=\"slides\">\n\t\t\t\n\t\t\t\t\t\t\t\t\t\t\t\t\t\t<li><div  class=\"fusion-image-wrapper\" aria-haspopup=\"true\">\n\t\t\t\t<img decoding=\"async\" width=\"1920\" height=\"1080\" src=\"https:\/\/frankbunz.com\/wp-content\/uploads\/2025\/03\/HD_Wide_Glide_16-9-2.jpg\" class=\"attachment-full size-full wp-post-image\" alt=\"\" srcset=\"https:\/\/frankbunz.com\/wp-content\/uploads\/2025\/03\/HD_Wide_Glide_16-9-2-200x113.jpg 200w, https:\/\/frankbunz.com\/wp-content\/uploads\/2025\/03\/HD_Wide_Glide_16-9-2-400x225.jpg 400w, https:\/\/frankbunz.com\/wp-content\/uploads\/2025\/03\/HD_Wide_Glide_16-9-2-600x338.jpg 600w, https:\/\/frankbunz.com\/wp-content\/uploads\/2025\/03\/HD_Wide_Glide_16-9-2-800x450.jpg 800w, https:\/\/frankbunz.com\/wp-content\/uploads\/2025\/03\/HD_Wide_Glide_16-9-2-1200x675.jpg 1200w, https:\/\/frankbunz.com\/wp-content\/uploads\/2025\/03\/HD_Wide_Glide_16-9-2.jpg 1920w\" sizes=\"(max-width: 800px) 100vw, 1920px\" \/><div class=\"fusion-rollover\">\n\t<div class=\"fusion-rollover-content\">\n\n\t\t\t\t\n\t\t\n\t\t\t\t\t\t\t\t\t\t\t\t<h4 class=\"fusion-rollover-title\">\n\t\t\t\t\t<a class=\"fusion-rollover-title-link\" href=\"https:\/\/frankbunz.com\/index.php\/2025\/04\/01\/perfekte-motorradfotos-zum-start-in-die-neue-saison\/\">\n\t\t\t\t\t\tPerfekte Motorradfotos zum Start in die neue Saison\t\t\t\t\t<\/a>\n\t\t\t\t<\/h4>\n\t\t\t\n\t\t\t\t\t\t\t\t\n\t\t\n\t\t\t\t\t\t<a class=\"fusion-link-wrapper\" href=\"https:\/\/frankbunz.com\/index.php\/2025\/04\/01\/perfekte-motorradfotos-zum-start-in-die-neue-saison\/\" aria-label=\"Perfekte Motorradfotos zum Start in die neue Saison\"><\/a>\n\t<\/div>\n<\/div>\n<\/div>\n<\/li>\n\t\t\t\n\t\t\t\n\t\t\t\t\t\t\t\t\t\t\t\t\t\t\t\t\t\t\t\t\t\t\t\t\t\t\t\t\t\t\t\t\t\t\t\t\t\t\t\t\t\t\t\t\t\t\t\t\t\t\t\t\t\t\t\t\t\t\t\t\t\t\t\t\t\t\t\t<\/ul>\n\t<\/div>\n\t<div class=\"fusion-post-content post-content\"><h2 class=\"blog-shortcode-post-title entry-title\"><a href=\"https:\/\/frankbunz.com\/index.php\/2025\/04\/01\/perfekte-motorradfotos-zum-start-in-die-neue-saison\/\">Perfekte Motorradfotos zum Start in die neue Saison<\/a><\/h2><div class=\"fusion-post-content-container\"><p>Die Sonne kommt raus, die Stra\u00dfen rufen \u2013 die neue Motorradsaison beginnt! Jetzt ist der perfekte Zeitpunkt, dein Bike in Szene zu setzen. Ob im Studio oder On-Location \u2013 mit hochwertigen Fotos h\u00e4ltst du die Leidenschaft und den Charakter deines Motorrads fest. Egal, ob du <a href=\"https:\/\/frankbunz.com\/index.php\/2025\/04\/01\/perfekte-motorradfotos-zum-start-in-die-neue-saison\/\">[...]<\/a><\/p><\/div><\/div><div class=\"fusion-clearfix\"><\/div><div class=\"fusion-meta-info\"><span class=\"vcard\" style=\"display: none;\"><span class=\"fn\"><a href=\"https:\/\/frankbunz.com\/index.php\/author\/fbunz\/\" title=\"Beitr\u00e4ge von fbunz\" rel=\"author\">fbunz<\/a><\/span><\/span><span class=\"updated\" style=\"display:none;\">2025-04-01T15:57:20+02:00<\/span><div class=\"fusion-alignright\"><a class=\"fusion-read-more\" href=\"https:\/\/frankbunz.com\/index.php\/2025\/04\/01\/perfekte-motorradfotos-zum-start-in-die-neue-saison\/\" aria-label=\"More on Perfekte Motorradfotos zum Start in die neue Saison\">Weiterlesen<\/a><\/div><\/div><\/article>\n<article id=\"blog-1-post-2594\" class=\"fusion-post-large post-2594 post type-post status-publish format-standard has-post-thumbnail hentry category-food category-studio\">\n\t<style type=\"text\/css\">\n\t\t\n\t\t\n\t\t\n\t\t\n\t\t\t<\/style>\n\n\n\t\t\t<div class=\"fusion-flexslider flexslider fusion-flexslider-loading fusion-post-slideshow\" style=\"\">\n\t\t<ul class=\"slides\">\n\t\t\t\n\t\t\t\t\t\t\t\t\t\t\t\t\t\t<li><div  class=\"fusion-image-wrapper\" aria-haspopup=\"true\">\n\t\t\t\t<img decoding=\"async\" width=\"1080\" height=\"607\" src=\"https:\/\/frankbunz.com\/wp-content\/uploads\/2023\/12\/Frank_Bunz_Fotodesign_Currywurst-4.jpg\" class=\"attachment-full size-full wp-post-image\" alt=\"\" srcset=\"https:\/\/frankbunz.com\/wp-content\/uploads\/2023\/12\/Frank_Bunz_Fotodesign_Currywurst-4-200x112.jpg 200w, https:\/\/frankbunz.com\/wp-content\/uploads\/2023\/12\/Frank_Bunz_Fotodesign_Currywurst-4-400x225.jpg 400w, https:\/\/frankbunz.com\/wp-content\/uploads\/2023\/12\/Frank_Bunz_Fotodesign_Currywurst-4-600x337.jpg 600w, https:\/\/frankbunz.com\/wp-content\/uploads\/2023\/12\/Frank_Bunz_Fotodesign_Currywurst-4-800x450.jpg 800w, https:\/\/frankbunz.com\/wp-content\/uploads\/2023\/12\/Frank_Bunz_Fotodesign_Currywurst-4.jpg 1080w\" sizes=\"(max-width: 800px) 100vw, 1080px\" \/><div class=\"fusion-rollover\">\n\t<div class=\"fusion-rollover-content\">\n\n\t\t\t\t\n\t\t\n\t\t\t\t\t\t\t\t\t\t\t\t<h4 class=\"fusion-rollover-title\">\n\t\t\t\t\t<a class=\"fusion-rollover-title-link\" href=\"https:\/\/frankbunz.com\/index.php\/2023\/12\/04\/fast-food-2\/\">\n\t\t\t\t\t\tFast Food\t\t\t\t\t<\/a>\n\t\t\t\t<\/h4>\n\t\t\t\n\t\t\t\t\t\t\t\t\n\t\t\n\t\t\t\t\t\t<a class=\"fusion-link-wrapper\" href=\"https:\/\/frankbunz.com\/index.php\/2023\/12\/04\/fast-food-2\/\" aria-label=\"Fast Food\"><\/a>\n\t<\/div>\n<\/div>\n<\/div>\n<\/li>\n\t\t\t\n\t\t\t\n\t\t\t\t\t\t\t\t\t\t\t\t\t\t\t\t\t\t\t\t\t\t\t\t\t\t\t\t\t\t\t\t\t\t\t\t\t\t\t\t\t\t\t\t\t\t\t\t\t\t\t\t\t\t\t\t\t\t\t\t\t\t\t\t\t\t\t\t<\/ul>\n\t<\/div>\n\t<div class=\"fusion-post-content post-content\"><h2 class=\"blog-shortcode-post-title entry-title\"><a href=\"https:\/\/frankbunz.com\/index.php\/2023\/12\/04\/fast-food-2\/\">Fast Food<\/a><\/h2><div class=\"fusion-post-content-container\"><p>  Ein Leben ohne Currywurst ist m\u00f6glich, aber sinnlos. Was w\u00e4re eine Serie zum Thema \"Fast Food\" ohne die obligatorische Currywurst \ud83d\ude09 Fr\u00fcher an jeder Ecke zu bekommen, muss man jetzt schon etwas Gl\u00fcck haben um eine halbwegs genie\u00dfbare Currywurst zu bekommen. Aber das <a href=\"https:\/\/frankbunz.com\/index.php\/2023\/12\/04\/fast-food-2\/\">[...]<\/a><\/p><\/div><\/div><div class=\"fusion-clearfix\"><\/div><div class=\"fusion-meta-info\"><span class=\"vcard\" style=\"display: none;\"><span class=\"fn\"><a href=\"https:\/\/frankbunz.com\/index.php\/author\/fbunz\/\" title=\"Beitr\u00e4ge von fbunz\" rel=\"author\">fbunz<\/a><\/span><\/span><span class=\"updated\" style=\"display:none;\">2023-12-04T22:09:18+01:00<\/span><div class=\"fusion-alignright\"><a class=\"fusion-read-more\" href=\"https:\/\/frankbunz.com\/index.php\/2023\/12\/04\/fast-food-2\/\" aria-label=\"More on Fast Food\">Weiterlesen<\/a><\/div><\/div><\/article>\n<article id=\"blog-1-post-2589\" class=\"fusion-post-large post-2589 post type-post status-publish format-standard has-post-thumbnail hentry category-food category-studio\">\n\t<style type=\"text\/css\">\n\t\t\n\t\t\n\t\t\n\t\t\n\t\t\t<\/style>\n\n\n\t\t\t<div class=\"fusion-flexslider flexslider fusion-flexslider-loading fusion-post-slideshow\" style=\"\">\n\t\t<ul class=\"slides\">\n\t\t\t\n\t\t\t\t\t\t\t\t\t\t\t\t\t\t<li><div  class=\"fusion-image-wrapper\" aria-haspopup=\"true\">\n\t\t\t\t<img decoding=\"async\" width=\"1080\" height=\"1080\" src=\"https:\/\/frankbunz.com\/wp-content\/uploads\/2023\/12\/Frank_Bunz_Fotodesign_Schwabenburger_1-1-2.jpg\" class=\"attachment-full size-full wp-post-image\" alt=\"\" srcset=\"https:\/\/frankbunz.com\/wp-content\/uploads\/2023\/12\/Frank_Bunz_Fotodesign_Schwabenburger_1-1-2-200x200.jpg 200w, https:\/\/frankbunz.com\/wp-content\/uploads\/2023\/12\/Frank_Bunz_Fotodesign_Schwabenburger_1-1-2-400x400.jpg 400w, https:\/\/frankbunz.com\/wp-content\/uploads\/2023\/12\/Frank_Bunz_Fotodesign_Schwabenburger_1-1-2-600x600.jpg 600w, https:\/\/frankbunz.com\/wp-content\/uploads\/2023\/12\/Frank_Bunz_Fotodesign_Schwabenburger_1-1-2-800x800.jpg 800w, https:\/\/frankbunz.com\/wp-content\/uploads\/2023\/12\/Frank_Bunz_Fotodesign_Schwabenburger_1-1-2.jpg 1080w\" sizes=\"(max-width: 800px) 100vw, 1080px\" \/><div class=\"fusion-rollover\">\n\t<div class=\"fusion-rollover-content\">\n\n\t\t\t\t\n\t\t\n\t\t\t\t\t\t\t\t\t\t\t\t<h4 class=\"fusion-rollover-title\">\n\t\t\t\t\t<a class=\"fusion-rollover-title-link\" href=\"https:\/\/frankbunz.com\/index.php\/2023\/12\/04\/schwabenburger\/\">\n\t\t\t\t\t\tSchwabenburger\t\t\t\t\t<\/a>\n\t\t\t\t<\/h4>\n\t\t\t\n\t\t\t\t\t\t\t\t\n\t\t\n\t\t\t\t\t\t<a class=\"fusion-link-wrapper\" href=\"https:\/\/frankbunz.com\/index.php\/2023\/12\/04\/schwabenburger\/\" aria-label=\"Schwabenburger\"><\/a>\n\t<\/div>\n<\/div>\n<\/div>\n<\/li>\n\t\t\t\n\t\t\t\n\t\t\t\t\t\t\t\t\t\t\t\t\t\t\t\t\t\t\t\t\t\t\t\t\t\t\t\t\t\t\t\t\t\t\t\t\t\t\t\t\t\t\t\t\t\t\t\t\t\t\t\t\t\t\t\t\t\t\t\t\t\t\t\t\t\t\t\t<\/ul>\n\t<\/div>\n\t<div class=\"fusion-post-content post-content\"><h2 class=\"blog-shortcode-post-title entry-title\"><a href=\"https:\/\/frankbunz.com\/index.php\/2023\/12\/04\/schwabenburger\/\">Schwabenburger<\/a><\/h2><div class=\"fusion-post-content-container\"><p>  Im Rahmen der Serie \"Fast Food\" bin ich dann auch nicht an einem schw\u00e4bischen Burger vorbeikommen. Selbstgemachte Fleischk\u00fcchle mit angeschmorten Zwiebeln auf einem Laugenbr\u00f6tchen k\u00f6nnen mit der Summe an Kalorien schon als vollwertige Mahlzeit angesehen werden.        <a href=\"https:\/\/frankbunz.com\/index.php\/2023\/12\/04\/schwabenburger\/\">[...]<\/a><\/p><\/div><\/div><div class=\"fusion-clearfix\"><\/div><div class=\"fusion-meta-info\"><span class=\"vcard\" style=\"display: none;\"><span class=\"fn\"><a href=\"https:\/\/frankbunz.com\/index.php\/author\/fbunz\/\" title=\"Beitr\u00e4ge von fbunz\" rel=\"author\">fbunz<\/a><\/span><\/span><span class=\"updated\" style=\"display:none;\">2023-12-04T22:00:22+01:00<\/span><div class=\"fusion-alignright\"><a class=\"fusion-read-more\" href=\"https:\/\/frankbunz.com\/index.php\/2023\/12\/04\/schwabenburger\/\" aria-label=\"More on Schwabenburger\">Weiterlesen<\/a><\/div><\/div><\/article>\n<article id=\"blog-1-post-2413\" class=\"fusion-post-large post-2413 post type-post status-publish format-standard has-post-thumbnail hentry category-allgemein\">\n\t<style type=\"text\/css\">\n\t\t\n\t\t\n\t\t\n\t\t\n\t\t\t<\/style>\n\n\n\t\t\t<div class=\"fusion-flexslider flexslider fusion-flexslider-loading fusion-post-slideshow\" style=\"\">\n\t\t<ul class=\"slides\">\n\t\t\t\n\t\t\t\t\t\t\t\t\t\t\t\t\t\t<li><div  class=\"fusion-image-wrapper\" aria-haspopup=\"true\">\n\t\t\t\t<img decoding=\"async\" width=\"2560\" height=\"928\" src=\"https:\/\/frankbunz.com\/wp-content\/uploads\/2022\/05\/Frank_Bunz_Fotodesign_Golf-12-scaled.jpg\" class=\"attachment-full size-full wp-post-image\" alt=\"\" srcset=\"https:\/\/frankbunz.com\/wp-content\/uploads\/2022\/05\/Frank_Bunz_Fotodesign_Golf-12-200x72.jpg 200w, https:\/\/frankbunz.com\/wp-content\/uploads\/2022\/05\/Frank_Bunz_Fotodesign_Golf-12-400x145.jpg 400w, https:\/\/frankbunz.com\/wp-content\/uploads\/2022\/05\/Frank_Bunz_Fotodesign_Golf-12-600x217.jpg 600w, https:\/\/frankbunz.com\/wp-content\/uploads\/2022\/05\/Frank_Bunz_Fotodesign_Golf-12-800x290.jpg 800w, https:\/\/frankbunz.com\/wp-content\/uploads\/2022\/05\/Frank_Bunz_Fotodesign_Golf-12-1200x435.jpg 1200w, https:\/\/frankbunz.com\/wp-content\/uploads\/2022\/05\/Frank_Bunz_Fotodesign_Golf-12-scaled.jpg 2560w\" sizes=\"(max-width: 800px) 100vw, 2560px\" \/><div class=\"fusion-rollover\">\n\t<div class=\"fusion-rollover-content\">\n\n\t\t\t\t\n\t\t\n\t\t\t\t\t\t\t\t\t\t\t\t<h4 class=\"fusion-rollover-title\">\n\t\t\t\t\t<a class=\"fusion-rollover-title-link\" href=\"https:\/\/frankbunz.com\/index.php\/2022\/05\/01\/spielen-sie-schon-golf\/\">\n\t\t\t\t\t\tSpielen Sie schon Golf? &#8230;\t\t\t\t\t<\/a>\n\t\t\t\t<\/h4>\n\t\t\t\n\t\t\t\t\t\t\t\t\n\t\t\n\t\t\t\t\t\t<a class=\"fusion-link-wrapper\" href=\"https:\/\/frankbunz.com\/index.php\/2022\/05\/01\/spielen-sie-schon-golf\/\" aria-label=\"Spielen Sie schon Golf? &#8230;\"><\/a>\n\t<\/div>\n<\/div>\n<\/div>\n<\/li>\n\t\t\t\n\t\t\t\n\t\t\t\t\t\t\t\t\t\t\t\t\t\t\t\t\t\t\t\t\t\t\t\t\t\t\t\t\t\t\t\t\t\t\t\t\t\t\t\t\t\t\t\t\t\t\t\t\t\t\t\t\t\t\t\t\t\t\t\t\t\t\t\t\t\t\t\t<\/ul>\n\t<\/div>\n\t<div class=\"fusion-post-content post-content\"><h2 class=\"blog-shortcode-post-title entry-title\"><a href=\"https:\/\/frankbunz.com\/index.php\/2022\/05\/01\/spielen-sie-schon-golf\/\">Spielen Sie schon Golf? &#8230;<\/a><\/h2><div class=\"fusion-post-content-container\"><p>  ''Golf ist ein Spiel, bei dem man einen zu kleinen Ball in ein zu kleines Loch schlagen mu\u00df, und das mit Ger\u00e4ten, die f\u00fcr diesen Zweck denkbar ungeeignet sind.''\u00a0 Dieses Zitat was Golf ausmacht wird Winston Churchill, dem ehemaliger britischer Premierminister zugeschrieben. Aber <a href=\"https:\/\/frankbunz.com\/index.php\/2022\/05\/01\/spielen-sie-schon-golf\/\">[...]<\/a><\/p><\/div><\/div><div class=\"fusion-clearfix\"><\/div><div class=\"fusion-meta-info\"><span class=\"vcard\" style=\"display: none;\"><span class=\"fn\"><a href=\"https:\/\/frankbunz.com\/index.php\/author\/fbunz\/\" title=\"Beitr\u00e4ge von fbunz\" rel=\"author\">fbunz<\/a><\/span><\/span><span class=\"updated\" style=\"display:none;\">2022-05-01T08:35:06+02:00<\/span><div class=\"fusion-alignright\"><a class=\"fusion-read-more\" href=\"https:\/\/frankbunz.com\/index.php\/2022\/05\/01\/spielen-sie-schon-golf\/\" aria-label=\"More on Spielen Sie schon Golf? &#8230;\">Weiterlesen<\/a><\/div><\/div><\/article>\n<article id=\"blog-1-post-2362\" class=\"fusion-post-large post-2362 post type-post status-publish format-standard has-post-thumbnail hentry category-fotografie category-landscape category-nature category-outside\">\n\t<style type=\"text\/css\">\n\t\t\n\t\t\n\t\t\n\t\t\n\t\t\t<\/style>\n\n\n\t\t\t<div class=\"fusion-flexslider flexslider fusion-flexslider-loading fusion-post-slideshow\" style=\"\">\n\t\t<ul class=\"slides\">\n\t\t\t\n\t\t\t\t\t\t\t\t\t\t\t\t\t\t<li><div  class=\"fusion-image-wrapper\" aria-haspopup=\"true\">\n\t\t\t\t<img decoding=\"async\" width=\"1080\" height=\"536\" src=\"https:\/\/frankbunz.com\/wp-content\/uploads\/2021\/11\/Frank_Bunz_Fotodesign_Drohnenfotografie_2021112301.jpg\" class=\"attachment-full size-full wp-post-image\" alt=\"\" srcset=\"https:\/\/frankbunz.com\/wp-content\/uploads\/2021\/11\/Frank_Bunz_Fotodesign_Drohnenfotografie_2021112301-200x99.jpg 200w, https:\/\/frankbunz.com\/wp-content\/uploads\/2021\/11\/Frank_Bunz_Fotodesign_Drohnenfotografie_2021112301-400x199.jpg 400w, https:\/\/frankbunz.com\/wp-content\/uploads\/2021\/11\/Frank_Bunz_Fotodesign_Drohnenfotografie_2021112301-600x298.jpg 600w, https:\/\/frankbunz.com\/wp-content\/uploads\/2021\/11\/Frank_Bunz_Fotodesign_Drohnenfotografie_2021112301-800x397.jpg 800w, https:\/\/frankbunz.com\/wp-content\/uploads\/2021\/11\/Frank_Bunz_Fotodesign_Drohnenfotografie_2021112301.jpg 1080w\" sizes=\"(max-width: 800px) 100vw, 1080px\" \/><div class=\"fusion-rollover\">\n\t<div class=\"fusion-rollover-content\">\n\n\t\t\t\t\n\t\t\n\t\t\t\t\t\t\t\t\t\t\t\t<h4 class=\"fusion-rollover-title\">\n\t\t\t\t\t<a class=\"fusion-rollover-title-link\" href=\"https:\/\/frankbunz.com\/index.php\/2021\/11\/24\/diesmal-von-oben\/\">\n\t\t\t\t\t\t&#8230; diesmal von oben!\t\t\t\t\t<\/a>\n\t\t\t\t<\/h4>\n\t\t\t\n\t\t\t\t\t\t\t\t\n\t\t\n\t\t\t\t\t\t<a class=\"fusion-link-wrapper\" href=\"https:\/\/frankbunz.com\/index.php\/2021\/11\/24\/diesmal-von-oben\/\" aria-label=\"&#8230; diesmal von oben!\"><\/a>\n\t<\/div>\n<\/div>\n<\/div>\n<\/li>\n\t\t\t\n\t\t\t\n\t\t\t\t\t\t\t\t\t\t\t\t\t\t\t\t\t\t\t\t\t\t\t\t\t\t\t\t\t\t\t\t\t\t\t\t\t\t\t\t\t\t\t\t\t\t\t\t\t\t\t\t\t\t\t\t\t\t\t\t\t\t\t\t\t\t\t\t<\/ul>\n\t<\/div>\n\t<div class=\"fusion-post-content post-content\"><h2 class=\"blog-shortcode-post-title entry-title\"><a href=\"https:\/\/frankbunz.com\/index.php\/2021\/11\/24\/diesmal-von-oben\/\">&#8230; diesmal von oben!<\/a><\/h2><div class=\"fusion-post-content-container\"><p>  Zu keiner anderen Zeit des Jahres wird die Natur in so ein besonderes Licht getaucht wie im Herbst. Das Herbstlaub und seine Farben sind dabei vielleicht die sch\u00f6nste Seite dieser Jahreszeit. Und das Ganze dann noch aus der Vogelperspektive bringt zum Teil schon <a href=\"https:\/\/frankbunz.com\/index.php\/2021\/11\/24\/diesmal-von-oben\/\">[...]<\/a><\/p><\/div><\/div><div class=\"fusion-clearfix\"><\/div><div class=\"fusion-meta-info\"><span class=\"vcard\" style=\"display: none;\"><span class=\"fn\"><a href=\"https:\/\/frankbunz.com\/index.php\/author\/fbunz\/\" title=\"Beitr\u00e4ge von fbunz\" rel=\"author\">fbunz<\/a><\/span><\/span><span class=\"updated\" style=\"display:none;\">2021-11-24T14:56:32+01:00<\/span><div class=\"fusion-alignright\"><a class=\"fusion-read-more\" href=\"https:\/\/frankbunz.com\/index.php\/2021\/11\/24\/diesmal-von-oben\/\" aria-label=\"More on &#8230; diesmal von oben!\">Weiterlesen<\/a><\/div><\/div><\/article>\n<\/div><div class=\"pagination clearfix\"><span class=\"current\">1<\/span><a href=\"https:\/\/frankbunz.com\/index.php\/wp-json\/wp\/v2\/pages\/1337\/page\/2\/\" class=\"inactive\">2<\/a><a class=\"pagination-next\" rel=\"next\" href=\"https:\/\/frankbunz.com\/index.php\/wp-json\/wp\/v2\/pages\/1337\/page\/2\/\"><span class=\"page-text\">Vor<\/span><span class=\"page-next\"><\/span><\/a><\/div><div class=\"fusion-clearfix\"><\/div><\/div><div class=\"fusion-clearfix\"><\/div><\/div><\/div><\/div><\/div><div class=\"fusion-bg-parallax\" data-bg-align=\"center center\" data-direction=\"up\" data-mute=\"false\" data-opacity=\"100\" data-velocity=\"-0.3\" data-mobile-enabled=\"false\" data-break_parents=\"0\" data-bg-image=\"https:\/\/frankbunz.com\/wp-content\/uploads\/2015\/11\/testimonial_background-compressor-2.jpg\" data-bg-repeat=\"false\" data-bg-color=\"#25272a\" ><\/div><div class=\"fusion-fullwidth fullwidth-box fusion-builder-row-2 fusion-parallax-up nonhundred-percent-fullwidth non-hundred-percent-height-scrolling\" style=\"--awb-border-sizes-top:0px;--awb-border-sizes-bottom:0px;--awb-border-sizes-left:0px;--awb-border-sizes-right:0px;--awb-border-radius-top-left:0px;--awb-border-radius-top-right:0px;--awb-border-radius-bottom-right:0px;--awb-border-radius-bottom-left:0px;--awb-padding-top:100px;--awb-padding-bottom:10px;--awb-background-color:#25272a;--awb-background-image:url(&quot;https:\/\/frankbunz.com\/wp-content\/uploads\/2015\/11\/testimonial_background-compressor-2.jpg&quot;);--awb-background-size:cover;\" ><div class=\"fusion-builder-row fusion-row\"><div class=\"fusion-layout-column fusion_builder_column fusion-builder-column-1 fusion_builder_column_1_1 1_1 fusion-one-full fusion-column-first fusion-column-last\" style=\"--awb-padding-top:0%;--awb-padding-right:15%;--awb-padding-bottom:0%;--awb-padding-left:15%;--awb-bg-size:cover;\"><div class=\"fusion-column-wrapper fusion-flex-column-wrapper-legacy\"><div class=\"fusion-title title fusion-title-1 fusion-sep-none fusion-title-center fusion-title-text fusion-title-size-three\"><h3 class=\"title-heading-center fusion-responsive-typography-calculated\" style=\"margin:0;--fontSize:22;--minFontSize:22;line-height:2.22;\"><\/h3><\/div><div class=\"fusion-sep-clear\"><\/div><div class=\"fusion-separator fusion-full-width-sep\" style=\"margin-left: auto;margin-right: auto;margin-top:15px;width:100%;\"><\/div><div class=\"fusion-sep-clear\"><\/div><div class=\"fusion-text fusion-text-1\"><\/div><div class=\"fusion-clearfix\"><\/div><\/div><\/div><\/div><\/div><\/p>\n","protected":false},"excerpt":{"rendered":"","protected":false},"author":1,"featured_media":0,"parent":0,"menu_order":0,"comment_status":"closed","ping_status":"closed","template":"100-width.php","meta":{"footnotes":""},"class_list":["post-1337","page","type-page","status-publish","hentry"],"_links":{"self":[{"href":"https:\/\/frankbunz.com\/index.php\/wp-json\/wp\/v2\/pages\/1337","targetHints":{"allow":["GET"]}}],"collection":[{"href":"https:\/\/frankbunz.com\/index.php\/wp-json\/wp\/v2\/pages"}],"about":[{"href":"https:\/\/frankbunz.com\/index.php\/wp-json\/wp\/v2\/types\/page"}],"author":[{"embeddable":true,"href":"https:\/\/frankbunz.com\/index.php\/wp-json\/wp\/v2\/users\/1"}],"replies":[{"embeddable":true,"href":"https:\/\/frankbunz.com\/index.php\/wp-json\/wp\/v2\/comments?post=1337"}],"version-history":[{"count":5,"href":"https:\/\/frankbunz.com\/index.php\/wp-json\/wp\/v2\/pages\/1337\/revisions"}],"predecessor-version":[{"id":2540,"href":"https:\/\/frankbunz.com\/index.php\/wp-json\/wp\/v2\/pages\/1337\/revisions\/2540"}],"wp:attachment":[{"href":"https:\/\/frankbunz.com\/index.php\/wp-json\/wp\/v2\/media?parent=1337"}],"curies":[{"name":"wp","href":"https:\/\/api.w.org\/{rel}","templated":true}]}}